{"id":7,"date":"2025-10-30T15:52:14","date_gmt":"2025-10-30T15:52:14","guid":{"rendered":"http:\/\/phamthingocmai.vn\/?page_id=7"},"modified":"2026-03-23T17:20:17","modified_gmt":"2026-03-23T17:20:17","slug":"trang-chu","status":"publish","type":"page","link":"https:\/\/phamthingocmai.vn\/","title":{"rendered":"Trang ch\u1ee7"},"content":{"rendered":"\t\t<div data-elementor-type=\"wp-page\" data-elementor-id=\"7\" class=\"elementor elementor-7\">\n\t\t\t\t<div class=\"elementor-element elementor-element-fd73653 e-flex e-con-boxed e-con e-parent\" data-id=\"fd73653\" data-element_type=\"container\" data-e-type=\"container\">\n\t\t\t\t\t<div class=\"e-con-inner\">\n\t\t\t\t<div class=\"elementor-element elementor-element-8def993 elementor-widget elementor-widget-spacer\" data-id=\"8def993\" data-element_type=\"widget\" data-e-type=\"widget\" data-widget_type=\"spacer.default\">\n\t\t\t\t\t\t\t<div class=\"elementor-spacer\">\n\t\t\t<div class=\"elementor-spacer-inner\"><\/div>\n\t\t<\/div>\n\t\t\t\t\t\t<\/div>\n\t\t\t\t\t<\/div>\n\t\t\t\t<\/div>\n\t\t<div class=\"elementor-element elementor-element-b66f8a1 e-grid e-con-boxed e-con e-parent\" data-id=\"b66f8a1\" data-element_type=\"container\" data-e-type=\"container\">\n\t\t\t\t\t<div class=\"e-con-inner\">\n\t\t\t\t<div class=\"elementor-element elementor-element-44fa31a elementor-widget elementor-widget-image\" data-id=\"44fa31a\" data-element_type=\"widget\" data-e-type=\"widget\" data-widget_type=\"image.default\">\n\t\t\t\t\t\t\t\t\t\t\t\t\t\t\t<img fetchpriority=\"high\" decoding=\"async\" width=\"1024\" height=\"796\" src=\"https:\/\/phamthingocmai.vn\/wp-content\/uploads\/2026\/03\/1-1758854125194-1758854126414850352284.png\" class=\"attachment-large size-large wp-image-52\" alt=\"\" srcset=\"https:\/\/phamthingocmai.vn\/wp-content\/uploads\/2026\/03\/1-1758854125194-1758854126414850352284.png 1024w, https:\/\/phamthingocmai.vn\/wp-content\/uploads\/2026\/03\/1-1758854125194-1758854126414850352284-300x233.png 300w, https:\/\/phamthingocmai.vn\/wp-content\/uploads\/2026\/03\/1-1758854125194-1758854126414850352284-768x597.png 768w\" sizes=\"(max-width: 1024px) 100vw, 1024px\" \/>\t\t\t\t\t\t\t\t\t\t\t\t\t\t\t<\/div>\n\t\t\t\t<div class=\"elementor-element elementor-element-d8dcbb0 elementor-widget elementor-widget-text-editor\" data-id=\"d8dcbb0\" data-element_type=\"widget\" data-e-type=\"widget\" data-widget_type=\"text-editor.default\">\n\t\t\t\t\t\t\t\t\t<h2>V\u1ec1 b\u1ea3n th\u00e2n<\/h2><p data-start=\"102\" data-end=\"431\">T\u00f4i l\u00e0 chuy\u00ean gia Digital Marketing v\u1edbi h\u01a1n 5 n\u0103m kinh nghi\u1ec7m, chuy\u00ean s\u00e2u trong l\u0129nh v\u1ef1c SEO (t\u1ed1i \u01b0u c\u00f4ng c\u1ee5 t\u00ecm ki\u1ebfm). T\u00f4i \u0111\u00e3 tr\u1ef1c ti\u1ebfp tri\u1ec3n khai v\u00e0 t\u1ed1i \u01b0u nhi\u1ec1u d\u1ef1 \u00e1n thu\u1ed9c c\u00e1c ng\u00e0nh nh\u01b0 du l\u1ecbch, d\u1ecbch v\u1ee5 v\u00e0 th\u01b0\u01a1ng m\u1ea1i \u0111i\u1ec7n t\u1eed, gi\u00fap website c\u1ea3i thi\u1ec7n th\u1ee9 h\u1ea1ng t\u1eeb kh\u00f3a, t\u0103ng tr\u01b0\u1edfng traffic t\u1ef1 nhi\u00ean v\u00e0 n\u00e2ng cao t\u1ef7 l\u1ec7 chuy\u1ec3n \u0111\u1ed5i.<\/p><p data-start=\"102\" data-end=\"431\">V\u1edbi \u0111\u1ecbnh h\u01b0\u1edbng SEO b\u1ec1n v\u1eefng, t\u00f4i k\u1ebft h\u1ee3p gi\u1eefa Content SEO, Technical SEO v\u00e0 chi\u1ebfn l\u01b0\u1ee3c Entity \u0111\u1ec3 x\u00e2y d\u1ef1ng n\u1ec1n t\u1ea3ng website v\u1eefng ch\u1eafc, kh\u00f4ng ch\u1ec9 gi\u00fap \u201cl\u00ean top\u201d Google m\u00e0 c\u00f2n mang l\u1ea1i hi\u1ec7u qu\u1ea3 kinh doanh th\u1ef1c t\u1ebf cho doanh nghi\u1ec7p.<\/p>\t\t\t\t\t\t\t\t<\/div>\n\t\t\t\t\t<\/div>\n\t\t\t\t<\/div>\n\t\t<div class=\"elementor-element elementor-element-9e8413d e-grid e-con-boxed e-con e-parent\" data-id=\"9e8413d\" data-element_type=\"container\" data-e-type=\"container\">\n\t\t\t\t\t<div class=\"e-con-inner\">\n\t\t\t\t<div class=\"elementor-element elementor-element-8942176 elementor-widget elementor-widget-text-editor\" data-id=\"8942176\" data-element_type=\"widget\" data-e-type=\"widget\" data-widget_type=\"text-editor.default\">\n\t\t\t\t\t\t\t\t\t<h3>H\u1ecdc v\u1ea5n<\/h3><p>Marketing &#8211; \u0110\u1ea1i h\u1ecdc C\u1ea7n Th\u01a1<\/p><h3>Li\u00ean h\u1ec7<\/h3><ul><li><strong>\u0110\u1ecba ch\u1ec9<\/strong>: Ph\u01b0\u1eddng Ninh Ki\u1ec1u, Th\u00e0nh Ph\u1ed1 C\u1ea7n Th\u01a1<\/li><li><strong>Email<\/strong>: pngocmai2001@gmail.com<\/li><\/ul>\t\t\t\t\t\t\t\t<\/div>\n\t\t\t\t<div class=\"elementor-element elementor-element-912dc08 elementor-widget elementor-widget-text-editor\" data-id=\"912dc08\" data-element_type=\"widget\" data-e-type=\"widget\" data-widget_type=\"text-editor.default\">\n\t\t\t\t\t\t\t\t\t<h3>\u0110i\u1ec3m m\u1ea1nh<\/h3><ul><li><p>SEO Strategy &amp; Website Growth<\/p><\/li><li><p>Keyword Research &amp; Search Intent<\/p><\/li><li><p>SEO Content System<\/p><\/li><li><p>Internal Linking &amp; Website Structure<\/p><\/li><li><p>On-page SEO Optimization<\/p><\/li><li><p>Qu\u1ea3n l\u00fd d\u1ef1 \u00e1n SEO<\/p><\/li><\/ul>\t\t\t\t\t\t\t\t<\/div>\n\t\t\t\t\t<\/div>\n\t\t\t\t<\/div>\n\t\t<div class=\"elementor-element elementor-element-7daca2c e-flex e-con-boxed e-con e-parent\" data-id=\"7daca2c\" data-element_type=\"container\" data-e-type=\"container\">\n\t\t\t\t\t<div class=\"e-con-inner\">\n\t\t\t\t<div class=\"elementor-element elementor-element-44df795 elementor-widget elementor-widget-heading\" data-id=\"44df795\" data-element_type=\"widget\" data-e-type=\"widget\" data-widget_type=\"heading.default\">\n\t\t\t\t\t<h2 class=\"elementor-heading-title elementor-size-default\">D\u1ecbch v\u1ee5 cung c\u1ea5p<\/h2>\t\t\t\t<\/div>\n\t\t\t\t\t<\/div>\n\t\t\t\t<\/div>\n\t\t<div class=\"elementor-element elementor-element-8efa895 e-grid e-con-boxed e-con e-parent\" data-id=\"8efa895\" data-element_type=\"container\" data-e-type=\"container\">\n\t\t\t\t\t<div class=\"e-con-inner\">\n\t\t\t\t<div class=\"elementor-element elementor-element-4238d98 elementor-position-top elementor-widget elementor-widget-image-box\" data-id=\"4238d98\" data-element_type=\"widget\" data-e-type=\"widget\" data-widget_type=\"image-box.default\">\n\t\t\t\t\t<div class=\"elementor-image-box-wrapper\"><figure class=\"elementor-image-box-img\"><img decoding=\"async\" width=\"512\" height=\"512\" src=\"https:\/\/phamthingocmai.vn\/wp-content\/uploads\/2026\/03\/google_search_console_icon-vector_brandlogos.net_hxtfr-512x512-1.png\" class=\"attachment-full size-full wp-image-257\" alt=\"\" srcset=\"https:\/\/phamthingocmai.vn\/wp-content\/uploads\/2026\/03\/google_search_console_icon-vector_brandlogos.net_hxtfr-512x512-1.png 512w, https:\/\/phamthingocmai.vn\/wp-content\/uploads\/2026\/03\/google_search_console_icon-vector_brandlogos.net_hxtfr-512x512-1-300x300.png 300w, https:\/\/phamthingocmai.vn\/wp-content\/uploads\/2026\/03\/google_search_console_icon-vector_brandlogos.net_hxtfr-512x512-1-150x150.png 150w\" sizes=\"(max-width: 512px) 100vw, 512px\" \/><\/figure><div class=\"elementor-image-box-content\"><h3 class=\"elementor-image-box-title\">SEO<\/h3><p class=\"elementor-image-box-description\">Tri\u1ec3n khai SEO t\u1ed5ng th\u1ec3 t\u1eeb A\u2013Z, t\u1ed1i \u01b0u onpage to\u00e0n di\u1ec7n bao g\u1ed3m audit, x\u00e2y d\u1ef1ng chi\u1ebfn l\u01b0\u1ee3c t\u1eeb kh\u00f3a, content plan. \u0110\u1ed3ng th\u1eddi ph\u00e1t tri\u1ec3n h\u1ec7 th\u1ed1ng entity gi\u00fap website t\u0103ng \u0111\u1ed9 tin c\u1eady v\u00e0 c\u1ea3i thi\u1ec7n th\u1ee9 h\u1ea1ng b\u1ec1n v\u1eefng tr\u00ean Google.<\/p><\/div><\/div>\t\t\t\t<\/div>\n\t\t\t\t<div class=\"elementor-element elementor-element-6feca88 elementor-position-top elementor-widget elementor-widget-image-box\" data-id=\"6feca88\" data-element_type=\"widget\" data-e-type=\"widget\" data-widget_type=\"image-box.default\">\n\t\t\t\t\t<div class=\"elementor-image-box-wrapper\"><figure class=\"elementor-image-box-img\"><img decoding=\"async\" width=\"256\" height=\"256\" src=\"https:\/\/phamthingocmai.vn\/wp-content\/uploads\/2026\/03\/6033716.png\" class=\"attachment-medium size-medium wp-image-258\" alt=\"\" srcset=\"https:\/\/phamthingocmai.vn\/wp-content\/uploads\/2026\/03\/6033716.png 256w, https:\/\/phamthingocmai.vn\/wp-content\/uploads\/2026\/03\/6033716-150x150.png 150w\" sizes=\"(max-width: 256px) 100vw, 256px\" \/><\/figure><div class=\"elementor-image-box-content\"><h3 class=\"elementor-image-box-title\">Social<\/h3><p class=\"elementor-image-box-description\">X\u00e2y d\u1ef1ng v\u00e0 ph\u00e1t tri\u1ec3n k\u00eanh Facebook, TikTok t\u1eeb con s\u1ed1 0 ho\u1eb7c t\u1ed1i \u01b0u k\u00eanh s\u1eb5n c\u00f3. T\u1eadp trung v\u00e0o chi\u1ebfn l\u01b0\u1ee3c n\u1ed9i dung, s\u1ea3n xu\u1ea5t video v\u00e0 k\u1ebf ho\u1ea1ch \u0111\u0103ng t\u1ea3i gi\u00fap t\u0103ng nh\u1eadn di\u1ec7n th\u01b0\u01a1ng hi\u1ec7u v\u00e0 thu h\u00fat kh\u00e1ch h\u00e0ng m\u1ee5c ti\u00eau.<\/p><\/div><\/div>\t\t\t\t<\/div>\n\t\t\t\t<div class=\"elementor-element elementor-element-c2e4215 elementor-position-top elementor-widget elementor-widget-image-box\" data-id=\"c2e4215\" data-element_type=\"widget\" data-e-type=\"widget\" data-widget_type=\"image-box.default\">\n\t\t\t\t\t<div class=\"elementor-image-box-wrapper\"><figure class=\"elementor-image-box-img\"><img loading=\"lazy\" decoding=\"async\" width=\"256\" height=\"256\" src=\"https:\/\/phamthingocmai.vn\/wp-content\/uploads\/2026\/03\/2875421.png\" class=\"attachment-medium size-medium wp-image-260\" alt=\"\" srcset=\"https:\/\/phamthingocmai.vn\/wp-content\/uploads\/2026\/03\/2875421.png 256w, https:\/\/phamthingocmai.vn\/wp-content\/uploads\/2026\/03\/2875421-150x150.png 150w\" sizes=\"(max-width: 256px) 100vw, 256px\" \/><\/figure><div class=\"elementor-image-box-content\"><h3 class=\"elementor-image-box-title\">Ads<\/h3><p class=\"elementor-image-box-description\">Tri\u1ec3n khai v\u00e0 t\u1ed1i \u01b0u chi\u1ebfn d\u1ecbch qu\u1ea3ng c\u00e1o tr\u00ean Facebook, TikTok v\u00e0 Google. T\u1eadp trung v\u00e0o hi\u1ec7u su\u1ea5t, t\u1ed1i \u01b0u chi ph\u00ed v\u00e0 gia t\u0103ng chuy\u1ec3n \u0111\u1ed5i, gi\u00fap doanh nghi\u1ec7p ti\u1ebfp c\u1eadn \u0111\u00fang kh\u00e1ch h\u00e0ng v\u00e0o \u0111\u00fang th\u1eddi \u0111i\u1ec3m.<\/p><\/div><\/div>\t\t\t\t<\/div>\n\t\t\t\t\t<\/div>\n\t\t\t\t<\/div>\n\t\t<div class=\"elementor-element elementor-element-757ae43 e-flex e-con-boxed e-con e-parent\" data-id=\"757ae43\" data-element_type=\"container\" data-e-type=\"container\">\n\t\t\t\t\t<div class=\"e-con-inner\">\n\t\t\t\t<div class=\"elementor-element elementor-element-64e8e77 elementor-widget-divider--separator-type-pattern elementor-widget-divider--view-line elementor-widget elementor-widget-divider\" data-id=\"64e8e77\" data-element_type=\"widget\" data-e-type=\"widget\" data-widget_type=\"divider.default\">\n\t\t\t\t\t\t\t<div class=\"elementor-divider\" style=\"--divider-pattern-url: url(&quot;data:image\/svg+xml,%3Csvg xmlns=&#039;http:\/\/www.w3.org\/2000\/svg&#039; preserveAspectRatio=&#039;none&#039; overflow=&#039;visible&#039; height=&#039;100%&#039; viewBox=&#039;0 0 24 24&#039; fill=&#039;none&#039; stroke=&#039;black&#039; stroke-width=&#039;1&#039; stroke-linecap=&#039;square&#039; stroke-miterlimit=&#039;10&#039;%3E%3Cpath d=&#039;M0,21c3.3,0,8.3-0.9,15.7-7.1c6.6-5.4,4.4-9.3,2.4-10.3c-3.4-1.8-7.7,1.3-7.3,8.8C11.2,20,17.1,21,24,21&#039;\/%3E%3C\/svg%3E&quot;);\">\n\t\t\t<span class=\"elementor-divider-separator\">\n\t\t\t\t\t\t<\/span>\n\t\t<\/div>\n\t\t\t\t\t\t<\/div>\n\t\t\t\t\t<\/div>\n\t\t\t\t<\/div>\n\t\t<div class=\"elementor-element elementor-element-84ae993 e-flex e-con-boxed e-con e-parent\" data-id=\"84ae993\" data-element_type=\"container\" data-e-type=\"container\">\n\t\t\t\t\t<div class=\"e-con-inner\">\n\t\t\t\t<div class=\"elementor-element elementor-element-d470a71 elementor-widget elementor-widget-heading\" data-id=\"d470a71\" data-element_type=\"widget\" data-e-type=\"widget\" data-widget_type=\"heading.default\">\n\t\t\t\t\t<h2 class=\"elementor-heading-title elementor-size-default\">\u0110\u1ed1i t\u00e1c<\/h2>\t\t\t\t<\/div>\n\t\t\t\t\t<\/div>\n\t\t\t\t<\/div>\n\t\t<div class=\"elementor-element elementor-element-7064775 e-flex e-con-boxed e-con e-parent\" data-id=\"7064775\" data-element_type=\"container\" data-e-type=\"container\">\n\t\t\t\t\t<div class=\"e-con-inner\">\n\t\t\t\t<div class=\"elementor-element elementor-element-2519fb5 partner-scroll elementor-pagination-position-outside elementor-widget elementor-widget-image-carousel\" data-id=\"2519fb5\" data-element_type=\"widget\" data-e-type=\"widget\" data-settings=\"{&quot;slides_to_show&quot;:&quot;4&quot;,&quot;slides_to_scroll&quot;:&quot;1&quot;,&quot;navigation&quot;:&quot;dots&quot;,&quot;autoplay_speed&quot;:998,&quot;speed&quot;:349,&quot;slides_to_show_mobile&quot;:&quot;2&quot;,&quot;slides_to_show_tablet&quot;:&quot;3&quot;,&quot;autoplay&quot;:&quot;yes&quot;,&quot;pause_on_hover&quot;:&quot;yes&quot;,&quot;pause_on_interaction&quot;:&quot;yes&quot;,&quot;infinite&quot;:&quot;yes&quot;}\" data-widget_type=\"image-carousel.default\">\n\t\t\t\t\t\t\t<div class=\"elementor-image-carousel-wrapper swiper\" role=\"region\" aria-roledescription=\"carousel\" aria-label=\"B\u0103ng chuy\u1ec1n h\u00ecnh \u1ea3nh\" dir=\"ltr\">\n\t\t\t<div class=\"elementor-image-carousel swiper-wrapper\" aria-live=\"off\">\n\t\t\t\t\t\t\t\t<div class=\"swiper-slide\" role=\"group\" aria-roledescription=\"slide\" aria-label=\"1 tr\u00ean 8\"><figure class=\"swiper-slide-inner\"><img decoding=\"async\" class=\"swiper-slide-image\" src=\"https:\/\/phamthingocmai.vn\/wp-content\/uploads\/2026\/03\/logo-mobifone-1.png\" alt=\"logo-mobifone\" \/><\/figure><\/div><div class=\"swiper-slide\" role=\"group\" aria-roledescription=\"slide\" aria-label=\"2 tr\u00ean 8\"><figure class=\"swiper-slide-inner\"><img decoding=\"async\" class=\"swiper-slide-image\" src=\"https:\/\/phamthingocmai.vn\/wp-content\/uploads\/2026\/03\/logo-avakids-1.png\" alt=\"logo-avakids\" \/><\/figure><\/div><div class=\"swiper-slide\" role=\"group\" aria-roledescription=\"slide\" aria-label=\"3 tr\u00ean 8\"><figure class=\"swiper-slide-inner\"><img decoding=\"async\" class=\"swiper-slide-image\" src=\"https:\/\/phamthingocmai.vn\/wp-content\/uploads\/2026\/03\/logo-nucuoimekong-1.png\" alt=\"logo-nucuoimekong\" \/><\/figure><\/div><div class=\"swiper-slide\" role=\"group\" aria-roledescription=\"slide\" aria-label=\"4 tr\u00ean 8\"><figure class=\"swiper-slide-inner\"><img decoding=\"async\" class=\"swiper-slide-image\" src=\"https:\/\/phamthingocmai.vn\/wp-content\/uploads\/2026\/03\/logo-caosunhuahailam-1.png\" alt=\"logo-caosunhuahailam\" \/><\/figure><\/div><div class=\"swiper-slide\" role=\"group\" aria-roledescription=\"slide\" aria-label=\"5 tr\u00ean 8\"><figure class=\"swiper-slide-inner\"><img decoding=\"async\" class=\"swiper-slide-image\" src=\"https:\/\/phamthingocmai.vn\/wp-content\/uploads\/2026\/03\/logo-ferryvn-1.png\" alt=\"logo-ferryvn\" \/><\/figure><\/div><div class=\"swiper-slide\" role=\"group\" aria-roledescription=\"slide\" aria-label=\"6 tr\u00ean 8\"><figure class=\"swiper-slide-inner\"><img decoding=\"async\" class=\"swiper-slide-image\" src=\"https:\/\/phamthingocmai.vn\/wp-content\/uploads\/2026\/03\/logo-consoncantho-1.png\" alt=\"logo-consoncantho\" \/><\/figure><\/div><div class=\"swiper-slide\" role=\"group\" aria-roledescription=\"slide\" aria-label=\"7 tr\u00ean 8\"><figure class=\"swiper-slide-inner\"><img decoding=\"async\" class=\"swiper-slide-image\" src=\"https:\/\/phamthingocmai.vn\/wp-content\/uploads\/2026\/03\/logo-vere-1.png\" alt=\"logo-vere\" \/><\/figure><\/div><div class=\"swiper-slide\" role=\"group\" aria-roledescription=\"slide\" aria-label=\"8 tr\u00ean 8\"><figure class=\"swiper-slide-inner\"><img decoding=\"async\" class=\"swiper-slide-image\" src=\"https:\/\/phamthingocmai.vn\/wp-content\/uploads\/2026\/03\/logo-hongsonstudio-1.png\" alt=\"logo-hongsonstudio\" \/><\/figure><\/div>\t\t\t<\/div>\n\t\t\t\t\t\t\t\n\t\t\t\t\t\t\t\t\t<div class=\"swiper-pagination\"><\/div>\n\t\t\t\t\t\t\t\t\t<\/div>\n\t\t\t\t\t\t<\/div>\n\t\t\t\t\t<\/div>\n\t\t\t\t<\/div>\n\t\t<div class=\"elementor-element elementor-element-2909875 e-flex e-con-boxed e-con e-parent\" data-id=\"2909875\" data-element_type=\"container\" data-e-type=\"container\">\n\t\t\t\t\t<div class=\"e-con-inner\">\n\t\t\t\t<div class=\"elementor-element elementor-element-486e2ea elementor-widget elementor-widget-heading\" data-id=\"486e2ea\" data-element_type=\"widget\" data-e-type=\"widget\" data-widget_type=\"heading.default\">\n\t\t\t\t\t<h2 class=\"elementor-heading-title elementor-size-default\">Quy tr\u00ecnh tri\u1ec3n khai SEO<\/h2>\t\t\t\t<\/div>\n\t\t\t\t\t<\/div>\n\t\t\t\t<\/div>\n\t\t<div class=\"elementor-element elementor-element-085b40f e-grid e-con-boxed e-con e-parent\" data-id=\"085b40f\" data-element_type=\"container\" data-e-type=\"container\">\n\t\t\t\t\t<div class=\"e-con-inner\">\n\t\t\t\t<div class=\"elementor-element elementor-element-313992b elementor-widget elementor-widget-text-editor\" data-id=\"313992b\" data-element_type=\"widget\" data-e-type=\"widget\" data-widget_type=\"text-editor.default\">\n\t\t\t\t\t\t\t\t\t<h4>Nghi\u00ean c\u1ee9u v\u00e0 ph\u00e2n t\u00edch<\/h4><p>Ph\u00e2n t\u00edch \u0111\u1ed1i t\u01b0\u1ee3ng kh\u00e1ch h\u00e0ng, th\u1ecb tr\u01b0\u1eddng ho\u1ea1t \u0111\u1ed9ng v\u00e0 \u0111\u1ed1i th\u1ee7 c\u1ea1nh tranh c\u1ee7a doanh nghi\u1ec7p.<\/p><h4>\u0110\u00e1nh gi\u00e1 website<\/h4><p>R\u00e0 so\u00e1t to\u00e0n b\u1ed9 website t\u1eeb c\u1ea5u tr\u00fac, giao di\u1ec7n \u0111\u1ebfn n\u1ed9i dung \u0111\u1ec3 x\u00e1c \u0111\u1ecbnh ti\u1ec1m n\u0103ng v\u00e0 h\u1ea1n ch\u1ebf.<\/p><h4>Nghi\u00ean c\u1ee9u t\u1eeb kh\u00f3a<\/h4><div class=\"process-step-item\"><div class=\"process-step-content\"><p class=\"process-step-text\">X\u00e2y d\u1ef1ng b\u1ed9 t\u1eeb kh\u00f3a chi\u1ebfn l\u01b0\u1ee3c ph\u00f9 h\u1ee3p v\u1edbi m\u1ee5c ti\u00eau kinh doanh v\u00e0 cam k\u1ebft th\u1ee9 h\u1ea1ng.<\/p><\/div><\/div><div class=\"process-step-item\"><h4>X\u00e2y d\u1ef1ng chi\u1ebfn l\u01b0\u1ee3c<\/h4><\/div><p>Thi\u1ebft l\u1eadp l\u1ed9 tr\u00ecnh SEO chi ti\u1ebft v\u1edbi k\u1ebf ho\u1ea1ch tri\u1ec3n khai t\u1eebng giai \u0111o\u1ea1n c\u1ee5 th\u1ec3.<\/p><h4>Tr\u00ecnh b\u00e0i ph\u01b0\u01a1ng \u00e1n<\/h4><p>G\u1eedi proposal v\u00e0 t\u00e0i li\u1ec7u k\u1ebf ho\u1ea1ch, t\u1ed5 ch\u1ee9c bu\u1ed5i pitching \u0111\u1ec3 tr\u00ecnh b\u00e0y chi ti\u1ebft v\u00e0 gi\u1ea3i \u0111\u00e1p th\u1eafc m\u1eafc.<\/p>\t\t\t\t\t\t\t\t<\/div>\n\t\t\t\t\t<\/div>\n\t\t\t\t<\/div>\n\t\t\t\t<\/div>\n\t\t","protected":false},"excerpt":{"rendered":"<p>V\u1ec1 b\u1ea3n th\u00e2n T\u00f4i l\u00e0 chuy\u00ean gia Digital Marketing v\u1edbi h\u01a1n 5 n\u0103m kinh nghi\u1ec7m, chuy\u00ean s\u00e2u trong l\u0129nh v\u1ef1c [&hellip;]<\/p>\n","protected":false},"author":1,"featured_media":0,"parent":0,"menu_order":0,"comment_status":"closed","ping_status":"closed","template":"","meta":{"site-sidebar-layout":"no-sidebar","site-content-layout":"plain-container","ast-site-content-layout":"default","site-content-style":"default","site-sidebar-style":"default","ast-global-header-display":"","ast-banner-title-visibility":"","ast-main-header-display":"","ast-hfb-above-header-display":"","ast-hfb-below-header-display":"","ast-hfb-mobile-header-display":"","site-post-title":"disabled","ast-breadcrumbs-content":"","ast-featured-img":"","footer-sml-layout":"","theme-transparent-header-meta":"enabled","adv-header-id-meta":"","stick-header-meta":"","header-above-stick-meta":"","header-main-stick-meta":"","header-below-stick-meta":"","astra-migrate-meta-layouts":"default","ast-page-background-enabled":"default","ast-page-background-meta":{"desktop":{"background-color":"var(--ast-global-color-5)","background-image":"","background-repeat":"repeat","background-position":"center center","background-size":"auto","background-attachment":"scroll","background-type":"","background-media":"","overlay-type":"","overlay-color":"","overlay-opacity":"","overlay-gradient":""},"tablet":{"background-color":"","background-image":"","background-repeat":"repeat","background-position":"center center","background-size":"auto","background-attachment":"scroll","background-type":"","background-media":"","overlay-type":"","overlay-color":"","overlay-opacity":"","overlay-gradient":""},"mobile":{"background-color":"","background-image":"","background-repeat":"repeat","background-position":"center center","background-size":"auto","background-attachment":"scroll","background-type":"","background-media":"","overlay-type":"","overlay-color":"","overlay-opacity":"","overlay-gradient":""}},"ast-content-background-meta":{"desktop":{"background-color":"var(--ast-global-color-4)","background-image":"","background-repeat":"repeat","background-position":"center center","background-size":"auto","background-attachment":"scroll","background-type":"","background-media":"","overlay-type":"","overlay-color":"","overlay-opacity":"","overlay-gradient":""},"tablet":{"background-color":"var(--ast-global-color-4)","background-image":"","background-repeat":"repeat","background-position":"center center","background-size":"auto","background-attachment":"scroll","background-type":"","background-media":"","overlay-type":"","overlay-color":"","overlay-opacity":"","overlay-gradient":""},"mobile":{"background-color":"var(--ast-global-color-4)","background-image":"","background-repeat":"repeat","background-position":"center center","background-size":"auto","background-attachment":"scroll","background-type":"","background-media":"","overlay-type":"","overlay-color":"","overlay-opacity":"","overlay-gradient":""}},"footnotes":""},"class_list":["post-7","page","type-page","status-publish","hentry"],"_links":{"self":[{"href":"https:\/\/phamthingocmai.vn\/index.php\/wp-json\/wp\/v2\/pages\/7","targetHints":{"allow":["GET"]}}],"collection":[{"href":"https:\/\/phamthingocmai.vn\/index.php\/wp-json\/wp\/v2\/pages"}],"about":[{"href":"https:\/\/phamthingocmai.vn\/index.php\/wp-json\/wp\/v2\/types\/page"}],"author":[{"embeddable":true,"href":"https:\/\/phamthingocmai.vn\/index.php\/wp-json\/wp\/v2\/users\/1"}],"replies":[{"embeddable":true,"href":"https:\/\/phamthingocmai.vn\/index.php\/wp-json\/wp\/v2\/comments?post=7"}],"version-history":[{"count":114,"href":"https:\/\/phamthingocmai.vn\/index.php\/wp-json\/wp\/v2\/pages\/7\/revisions"}],"predecessor-version":[{"id":269,"href":"https:\/\/phamthingocmai.vn\/index.php\/wp-json\/wp\/v2\/pages\/7\/revisions\/269"}],"wp:attachment":[{"href":"https:\/\/phamthingocmai.vn\/index.php\/wp-json\/wp\/v2\/media?parent=7"}],"curies":[{"name":"wp","href":"https:\/\/api.w.org\/{rel}","templated":true}]}}